{"id":103,"date":"2020-10-22T00:40:39","date_gmt":"2020-10-22T00:40:39","guid":{"rendered":"http:\/\/seminariosdeturismo.eca.usp.br\/?page_id=103"},"modified":"2020-11-03T19:44:10","modified_gmt":"2020-11-03T19:44:10","slug":"evento","status":"publish","type":"page","link":"https:\/\/seminariosdeturismo.eca.usp.br\/index.php\/evento\/","title":{"rendered":"evento"},"content":{"rendered":"\n<p class=\"has-text-color has-background has-medium-font-size\" style=\"background-color:#031557;color:#e8e8e8\">       Criado em 2020, o <strong>Semin\u00e1rio Acad\u00eamico de Turismo &amp; Inova\u00e7\u00e3o<\/strong> \u00e9 um evento vinculado ao Departamento de Rela\u00e7\u00f5es P\u00fablicas, Propaganda e Turismo da Universidade de S\u00e3o Paulo que tem como intuito discutir tem\u00e1ticas pertinentes ao campo do turismo para, por conseguinte, trazer novas perspectivas para a \u00e1rea.<\/p>\n\n\n\n<p class=\"has-text-color has-background has-medium-font-size\" style=\"background-color:#031557;color:#e8e8e8\">       Em sua primeira edi\u00e7\u00e3o o semin\u00e1rio traz para debate a pauta: <strong>\u201cOs impactos da Covid\u201019 e a recupera\u00e7\u00e3o da atividade do turismo\u201d<\/strong>. O tema se desenvolve como uma forma de dialogar com o atual momento, em que o segmento tur\u00edstico retoma suas atividades no Brasil ap\u00f3s meses de estagna\u00e7\u00e3o. Esse recome\u00e7o contudo ocorre ainda em um cen\u00e1rio de pandemia, de modo que a forma de realizar e pensar o turismo \u00e9 transformada.<\/p>\n\n\n\n<p class=\"has-text-align-left has-text-color has-background has-medium-font-size\" style=\"background-color:#031557;color:#e8e8e8\">       O evento se prop\u00f5e a discutir a tem\u00e1tica em grupos de trabalho atrav\u00e9s de artigos enviados por estudantes e pesquisadores de todo o pa\u00eds. Os debates levantados pelos grupos buscam gerar conhecimento cient\u00edfico relevante a \u00e1rea, de modo a integrar a academia e as demandas da sociedade civil, poder p\u00fablico e iniciativa privada, uma vez que as transforma\u00e7\u00f5es na atividade tur\u00edstica afetam todos esses setores.<\/p>\n","protected":false},"excerpt":{"rendered":"<p>Criado em 2020, o Semin\u00e1rio Acad\u00eamico de Turismo &amp; Inova\u00e7\u00e3o \u00e9 um evento vinculado ao Departamento de Rela\u00e7\u00f5es P\u00fablicas, Propaganda e Turismo da Universidade de S\u00e3o Paulo que tem como intuito discutir tem\u00e1ticas pertinentes ao campo do turismo para, por conseguinte, trazer novas perspectivas para a \u00e1rea. Em sua primeira edi\u00e7\u00e3o o semin\u00e1rio traz para&hellip;<\/p>\n","protected":false},"author":2,"featured_media":0,"parent":0,"menu_order":0,"comment_status":"closed","ping_status":"closed","template":"","meta":[],"_links":{"self":[{"href":"https:\/\/seminariosdeturismo.eca.usp.br\/index.php\/wp-json\/wp\/v2\/pages\/103"}],"collection":[{"href":"https:\/\/seminariosdeturismo.eca.usp.br\/index.php\/wp-json\/wp\/v2\/pages"}],"about":[{"href":"https:\/\/seminariosdeturismo.eca.usp.br\/index.php\/wp-json\/wp\/v2\/types\/page"}],"author":[{"embeddable":true,"href":"https:\/\/seminariosdeturismo.eca.usp.br\/index.php\/wp-json\/wp\/v2\/users\/2"}],"replies":[{"embeddable":true,"href":"https:\/\/seminariosdeturismo.eca.usp.br\/index.php\/wp-json\/wp\/v2\/comments?post=103"}],"version-history":[{"count":12,"href":"https:\/\/seminariosdeturismo.eca.usp.br\/index.php\/wp-json\/wp\/v2\/pages\/103\/revisions"}],"predecessor-version":[{"id":269,"href":"https:\/\/seminariosdeturismo.eca.usp.br\/index.php\/wp-json\/wp\/v2\/pages\/103\/revisions\/269"}],"wp:attachment":[{"href":"https:\/\/seminariosdeturismo.eca.usp.br\/index.php\/wp-json\/wp\/v2\/media?parent=103"}],"curies":[{"name":"wp","href":"https:\/\/api.w.org\/{rel}","templated":true}]}}